{"id":35,"date":"2024-06-07T19:13:04","date_gmt":"2024-06-07T17:13:04","guid":{"rendered":"http:\/\/wcuiqxa.cluster023.hosting.ovh.net\/?page_id=35"},"modified":"2026-03-09T15:43:22","modified_gmt":"2026-03-09T14:43:22","slug":"admiistration","status":"publish","type":"page","link":"https:\/\/archimede-esps.be\/index.php\/admiistration\/","title":{"rendered":"Administration"},"content":{"rendered":"<div data-colibri-id=\"35-c1\" class=\"style-257 style-local-35-c1 position-relative\">\n  <!---->\n  <div data-colibri-component=\"section\" data-colibri-id=\"35-c2\" id=\"initial-content\" class=\"h-section h-section-global-spacing d-flex align-items-lg-center align-items-md-center align-items-center style-258 style-local-35-c2 position-relative\">\n    <!---->\n    <!---->\n    <div class=\"h-section-grid-container h-section-boxed-container\">\n      <!---->\n      <div data-colibri-id=\"35-c3\" class=\"h-row-container gutters-row-lg-2 gutters-row-md-2 gutters-row-0 gutters-row-v-lg-2 gutters-row-v-md-2 gutters-row-v-2 style-259 style-local-35-c3 position-relative\">\n        <!---->\n        <div class=\"h-row justify-content-lg-center justify-content-md-center justify-content-center align-items-lg-stretch align-items-md-stretch align-items-stretch gutters-col-lg-2 gutters-col-md-2 gutters-col-0 gutters-col-v-lg-2 gutters-col-v-md-2 gutters-col-v-2\">\n          <!---->\n          <div class=\"h-column h-column-container d-flex h-col-lg-auto h-col-md-auto h-col-auto style-260-outer style-local-35-c4-outer\">\n            <div data-colibri-id=\"35-c4\" class=\"d-flex h-flex-basis h-column__inner h-ui-empty-state-container h-px-lg-2 h-px-md-2 h-px-2 v-inner-lg-2 v-inner-md-2 v-inner-2 style-260 style-local-35-c4 position-relative\">\n              <!---->\n              <!---->\n              <div class=\"w-100 h-y-container h-column__content h-column__v-align flex-basis-100\">\n                <!---->\n              <\/div>\n            <\/div>\n          <\/div>\n        <\/div>\n      <\/div>\n    <\/div>\n  <\/div>\n  <div data-colibri-component=\"section\" data-colibri-id=\"35-c5\" id=\"overlappable-2\" class=\"h-section h-section-global-spacing d-flex align-items-lg-center align-items-md-center align-items-center style-291 style-local-35-c5 position-relative\">\n    <!---->\n    <!---->\n    <div class=\"h-section-grid-container h-section-boxed-container\">\n      <!---->\n      <div data-colibri-id=\"35-c6\" class=\"h-row-container gutters-row-lg-2 gutters-row-md-0 gutters-row-2 gutters-row-v-lg-2 gutters-row-v-md-0 gutters-row-v-2 style-292 style-local-35-c6 position-relative\">\n        <!---->\n        <div class=\"h-row justify-content-lg-center justify-content-md-center justify-content-center align-items-lg-stretch align-items-md-stretch align-items-stretch gutters-col-lg-2 gutters-col-md-0 gutters-col-2 gutters-col-v-lg-2 gutters-col-v-md-0 gutters-col-v-2\">\n          <!---->\n          <div class=\"h-column h-column-container d-flex h-col-lg-4 h-col-md-4 h-col-12 style-293-outer style-local-35-c7-outer\">\n            <div data-colibri-id=\"35-c7\" class=\"d-flex h-flex-basis h-column__inner h-px-lg-2 h-px-md-3 h-px-2 v-inner-lg-0 v-inner-md-3 v-inner-2 style-293 style-local-35-c7 position-relative\">\n              <!---->\n              <!---->\n              <div class=\"w-100 h-y-container h-column__content h-column__v-align flex-basis-100 align-self-lg-start align-self-md-start align-self-start\">\n                <!---->\n                <div data-colibri-id=\"35-c8\" class=\"h-icon style-294 style-local-35-c8 position-relative h-element\">\n                  <!---->\n                  <a href=\"https:\/\/www.lifras.be\/page3.asp?PageGroupeID=174&amp;SelectedSectionMenu=33&amp;ParentSectionMenuAff=174&amp;ClubID=202&amp;LG=FR\" target=\"_blank\" h-use-smooth-scroll=\"true\"><span class=\"h-svg-icon h-icon__icon style-294-icon style-local-35-c8-icon\"><!--Icon by Icons8 Line Awesome (https:\/\/icons8.com\/line-awesome)--><svg version=\"1.1\" xmlns=\"http:\/\/www.w3.org\/2000\/svg\" xmlns:xlink=\"http:\/\/www.w3.org\/1999\/xlink\" id=\"clone\" viewBox=\"0 0 512 545.5\"><path d=\"M80 112h272v64h-32v-32H112v208h32v32H80V112zm80 80h272v272H160V192zm32 32v208h208V224H192z\"><\/path><\/svg><\/span><\/a>\n                <\/div>\n                <div data-colibri-id=\"35-c9\" class=\"h-global-transition-all h-heading style-295 style-local-35-c9 position-relative h-element\">\n                  <!---->\n                  <div class=\"h-heading__outer style-295 style-local-35-c9\">\n                    <!---->\n                    <!---->\n                    <a href=\"https:\/\/www.lifras.be\/page3.asp?PageGroupeID=174&amp;SelectedSectionMenu=33&amp;ParentSectionMenuAff=174&amp;ClubID=202&amp;LG=FR\" target=\"_blank\" h-use-smooth-scroll=\"true\">\n                      <h4 class=\"\">Attestation medicale<\/h4>\n                    <\/a>\n                  <\/div>\n                <\/div>\n                <div data-colibri-id=\"35-c10\" class=\"h-text h-text-component style-296 style-local-35-c10 position-relative h-element\">\n                  <!---->\n                  <!---->\n                  <div class=\"\">\n                    <p><span style=\"color: rgb(0, 116, 158);\">N&rsquo;oubliez pas de nous communiquer votre attestation m\u00e9dicale (certificat de non-contre-indication \u00e0 la pratique de la plong\u00e9e sign\u00e9e par votre m\u00e9decin) par email au secr\u00e9taire et \u00e0 la cheffe d&rsquo;\u00e9cole.<\/span><\/p>\n                  <\/div>\n                <\/div>\n              <\/div>\n            <\/div>\n          <\/div>\n          <div class=\"h-column h-column-container d-flex h-col-lg-4 h-col-md-4 h-col-12 style-293-outer style-local-35-c11-outer\">\n            <div data-colibri-id=\"35-c11\" class=\"d-flex h-flex-basis h-column__inner h-px-lg-2 h-px-md-3 h-px-2 v-inner-lg-0 v-inner-md-3 v-inner-2 style-293 style-local-35-c11 position-relative\">\n              <!---->\n              <!---->\n              <div class=\"w-100 h-y-container h-column__content h-column__v-align flex-basis-100 align-self-lg-start align-self-md-start align-self-start\">\n                <!---->\n                <div data-colibri-id=\"35-c12\" class=\"h-icon style-294 style-local-35-c12 position-relative h-element\">\n                  <!---->\n                  <a href=\"https:\/\/archimede-esps.be\/index.php\/contact\/\" h-use-smooth-scroll=\"true\"><span class=\"h-svg-icon h-icon__icon style-294-icon style-local-35-c12-icon\"><!--Icon by Font Awesome (https:\/\/fontawesome.com)-->\n    <svg version=\"1.1\" xmlns=\"http:\/\/www.w3.org\/2000\/svg\" xmlns:xlink=\"http:\/\/www.w3.org\/1999\/xlink\" id=\"drivers-license-o\" viewBox=\"0 0 2048 1896.0833\">\n      <path d=\"M896 1212q0 55-31.5 93.5T789 1344H363q-44 0-75.5-38.5T256 1212q0-54 7.5-100.5t24.5-90 51-68.5 81-25q64 64 156 64t156-64q47 0 81 25t51 68.5 24.5 90T896 1212zM768 768q0 80-56 136t-136 56-136-56-56-136 56-136 136-56 136 56 56 136zm1024 416v64q0 14-9 23t-23 9h-704q-14 0-23-9t-9-23v-64q0-14 9-23t23-9h704q14 0 23 9t9 23zm-384-256v64q0 14-9 23t-23 9h-320q-14 0-23-9t-9-23v-64q0-14 9-23t23-9h320q14 0 23 9t9 23zm384 0v64q0 14-9 23t-23 9h-192q-14 0-23-9t-9-23v-64q0-14 9-23t23-9h192q14 0 23 9t9 23zm0-256v64q0 14-9 23t-23 9h-704q-14 0-23-9t-9-23v-64q0-14 9-23t23-9h704q14 0 23 9t9 23zm128 832V384H128v1120q0 13 9.5 22.5t22.5 9.5h1728q13 0 22.5-9.5t9.5-22.5zm128-1216v1216q0 66-47 113t-113 47H160q-66 0-113-47T0 1504V288q0-66 47-113t113-47h1728q66 0 113 47t47 113z\"><\/path>\n    <\/svg><\/span><\/a>\n                <\/div>\n                <div data-colibri-id=\"35-c13\" class=\"h-global-transition-all h-heading style-295 style-local-35-c13 position-relative h-element\">\n                  <!---->\n                  <div class=\"h-heading__outer style-295 style-local-35-c13\">\n                    <!---->\n                    <!---->\n                    <a href=\"https:\/\/archimede-esps.be\/index.php\/contact\/\" h-use-smooth-scroll=\"true\">\n                      <h4 class=\"\">brevetS<\/h4>\n                    <\/a>\n                  <\/div>\n                <\/div>\n                <div data-colibri-id=\"35-c14\" class=\"h-text h-text-component style-296 style-local-35-c14 position-relative h-element\">\n                  <!---->\n                  <!---->\n                  <div class=\"\">\n                    <p><span style=\"color: rgb(0, 116, 158);\">Afin de passer un nouveau brevet de plongeur, il vous faudra suivre quelques cours th\u00e9oriques et vous entrainer en piscine au<\/span><span style=\"color: rgb(0, 116, 158);\">x exercices requis. A partir du brevet de plongeur 2*, il vous faudra \u00e9galement vous entrainer aux exercices \u00e0 effectuer en milieu ext\u00e9rieur.<\/span>\n                      <span\n                        style=\"color: rgb(0, 116, 158);\">\n                        <br>Pour la plong\u00e9e adapt\u00e9e, un entretien et ou un test vous sera demand\u00e9.<\/span>\n                    <\/p>\n                  <\/div>\n                <\/div>\n              <\/div>\n            <\/div>\n          <\/div>\n          <div class=\"h-column h-column-container d-flex h-col-lg-4 h-col-md-4 h-col-12 style-293-outer style-local-35-c15-outer\">\n            <div data-colibri-id=\"35-c15\" class=\"d-flex h-flex-basis h-column__inner h-px-lg-2 h-px-md-3 h-px-2 v-inner-lg-0 v-inner-md-3 v-inner-2 style-293 style-local-35-c15 position-relative\">\n              <!---->\n              <!---->\n              <div class=\"w-100 h-y-container h-column__content h-column__v-align flex-basis-100 align-self-lg-start align-self-md-start align-self-start\">\n                <!---->\n                <div data-colibri-id=\"35-c16\" class=\"h-icon style-294 style-local-35-c16 position-relative h-element\">\n                  <!---->\n                  <a href=\"https:\/\/docs.google.com\/spreadsheets\/d\/11Z4Lviej-LIyUkMiM3q0MMMVwCTSsIgEwRLTrtnzvwQ\/edit?gid=0#gid=0\" target=\"_blank\" h-use-smooth-scroll=\"true\"><span class=\"h-svg-icon h-icon__icon style-294-icon style-local-35-c16-icon\"><!--Icon by Font Awesome (https:\/\/fontawesome.com)-->\n    <svg version=\"1.1\" xmlns=\"http:\/\/www.w3.org\/2000\/svg\" xmlns:xlink=\"http:\/\/www.w3.org\/1999\/xlink\" id=\"users\" viewBox=\"0 0 1920 1896.0833\">\n      <path d=\"M593 896q-162 5-265 128H194q-82 0-138-40.5T0 865q0-353 124-353 6 0 43.5 21t97.5 42.5T384 597q67 0 133-23-5 37-5 66 0 139 81 256zm1071 637q0 120-73 189.5t-194 69.5H523q-121 0-194-69.5T256 1533q0-53 3.5-103.5t14-109T300 1212t43-97.5 62-81 85.5-53.5T602 960q10 0 43 21.5t73 48 107 48 135 21.5 135-21.5 107-48 73-48 43-21.5q61 0 111.5 20t85.5 53.5 62 81 43 97.5 26.5 108.5 14 109 3.5 103.5zM640 256q0 106-75 181t-181 75-181-75-75-181 75-181T384 0t181 75 75 181zm704 384q0 159-112.5 271.5T960 1024 688.5 911.5 576 640t112.5-271.5T960 256t271.5 112.5T1344 640zm576 225q0 78-56 118.5t-138 40.5h-134q-103-123-265-128 81-117 81-256 0-29-5-66 66 23 133 23 59 0 119-21.5t97.5-42.5 43.5-21q124 0 124 353zm-128-609q0 106-75 181t-181 75-181-75-75-181 75-181 181-75 181 75 75 181z\"><\/path>\n    <\/svg><\/span><\/a>\n                <\/div>\n                <div data-colibri-id=\"35-c17\" class=\"h-global-transition-all h-heading style-295 style-local-35-c17 position-relative h-element\">\n                  <!---->\n                  <div class=\"h-heading__outer style-295 style-local-35-c17\">\n                    <!---->\n                    <!---->\n                    <a href=\"https:\/\/docs.google.com\/spreadsheets\/d\/11Z4Lviej-LIyUkMiM3q0MMMVwCTSsIgEwRLTrtnzvwQ\/edit?gid=0#gid=0\" target=\"_blank\" h-use-smooth-scroll=\"true\">\n                      <h4 class=\"\">conseil d&rsquo;administration<\/h4>\n                    <\/a>\n                  <\/div>\n                <\/div>\n                <div data-colibri-id=\"35-c18\" class=\"h-text h-text-component style-296 style-local-35-c18 position-relative h-element\">\n                  <!---->\n                  <!---->\n                  <div class=\"\">\n                    <p><span style=\"color: rgb(0, 116, 158);\">Acc\u00e8s r\u00e9serv\u00e9 aux documents officiels.<\/span><\/p>\n                  <\/div>\n                <\/div>\n              <\/div>\n            <\/div>\n          <\/div>\n        <\/div>\n      <\/div>\n    <\/div>\n  <\/div>\n  <div data-colibri-component=\"section\" data-colibri-id=\"35-c19\" id=\"content\" class=\"h-section h-section-global-spacing d-flex align-items-lg-center align-items-md-center align-items-center style-411 style-local-35-c19 position-relative\">\n    <!---->\n    <!---->\n    <div class=\"h-section-grid-container h-section-boxed-container\">\n      <!---->\n      <div data-colibri-id=\"35-c20\" class=\"h-row-container gutters-row-lg-2 gutters-row-md-2 gutters-row-2 gutters-row-v-lg-2 gutters-row-v-md-2 gutters-row-v-2 style-412 style-local-35-c20 position-relative\">\n        <!---->\n        <div class=\"h-row justify-content-lg-center justify-content-md-center justify-content-center align-items-lg-stretch align-items-md-stretch align-items-stretch gutters-col-lg-2 gutters-col-md-2 gutters-col-2 gutters-col-v-lg-2 gutters-col-v-md-2 gutters-col-v-2\">\n          <!---->\n          <div class=\"h-column h-column-container d-flex h-col-lg-auto h-col-md-auto h-col-auto style-413-outer style-local-35-c21-outer\">\n            <div data-colibri-id=\"35-c21\" class=\"d-flex h-flex-basis h-column__inner h-px-lg-0 h-px-md-0 h-px-0 v-inner-lg-0 v-inner-md-0 v-inner-0 style-413 style-local-35-c21 position-relative\">\n              <!---->\n              <!---->\n              <div class=\"w-100 h-y-container h-column__content h-column__v-align flex-basis-100 align-self-lg-start align-self-md-start align-self-start\">\n                <!---->\n                <div data-colibri-id=\"35-c22\" class=\"d-block style-414 style-local-35-c22 position-relative h-element\">\n                  <!---->\n                  <div class=\"h-image__frame-container-outer\">\n                    <a href=\"https:\/\/archimede-esps.be\/\" h-use-smooth-scroll=\"true\" class=\"image-link\">\n                      <div class=\"h-image__frame-container\">\n                        <!---->\n                        <!---->\n                        <img loading=\"lazy\" decoding=\"async\" width=\"2560\" height=\"1704\" src=\"https:\/\/archimede-esps.be\/wp-content\/uploads\/2026\/02\/140518_Ppa-4059bArchi-scaled.jpg\" class=\"wp-image-1214 style-414-image style-local-35-c22-image\" alt=\"\" srcset=\"https:\/\/archimede-esps.be\/wp-content\/uploads\/2026\/02\/140518_Ppa-4059bArchi-scaled.jpg 2560w, https:\/\/archimede-esps.be\/wp-content\/uploads\/2026\/02\/140518_Ppa-4059bArchi-300x200.jpg 300w, https:\/\/archimede-esps.be\/wp-content\/uploads\/2026\/02\/140518_Ppa-4059bArchi-1024x682.jpg 1024w, https:\/\/archimede-esps.be\/wp-content\/uploads\/2026\/02\/140518_Ppa-4059bArchi-768x511.jpg 768w, https:\/\/archimede-esps.be\/wp-content\/uploads\/2026\/02\/140518_Ppa-4059bArchi-1536x1022.jpg 1536w, https:\/\/archimede-esps.be\/wp-content\/uploads\/2026\/02\/140518_Ppa-4059bArchi-2048x1363.jpg 2048w\" sizes=\"auto, (max-width: 2560px) 100vw, 2560px\" \/>\n                        <div class=\"h-image__frame h-hide-lg h-hide-md h-hide-sm style-414-frameImage style-local-35-c22-frameImage\"><\/div>\n                      <\/div>\n                    <\/a>\n                  <\/div>\n                <\/div>\n              <\/div>\n            <\/div>\n          <\/div>\n        <\/div>\n      <\/div>\n    <\/div>\n  <\/div>\n<\/div>","protected":false},"excerpt":{"rendered":"<p>Attestation medicale N&rsquo;oubliez pas de nous communiquer votre attestation m\u00e9dicale (certificat de non-contre-indication \u00e0 la pratique de la plong\u00e9e sign\u00e9e par votre m\u00e9decin) par email au secr\u00e9taire et \u00e0 la cheffe d&rsquo;\u00e9cole. brevetS Afin de passer un nouveau brevet de plongeur, il vous faudra suivre quelques cours th\u00e9oriques et vous entrainer en piscine aux exercices [&hellip;]<\/p>\n","protected":false},"author":1,"featured_media":0,"parent":0,"menu_order":0,"comment_status":"closed","ping_status":"closed","template":"page-templates\/full-width-page.php","meta":{"inline_featured_image":false,"footnotes":""},"class_list":["post-35","page","type-page","status-publish","hentry"],"_links":{"self":[{"href":"https:\/\/archimede-esps.be\/index.php\/wp-json\/wp\/v2\/pages\/35","targetHints":{"allow":["GET"]}}],"collection":[{"href":"https:\/\/archimede-esps.be\/index.php\/wp-json\/wp\/v2\/pages"}],"about":[{"href":"https:\/\/archimede-esps.be\/index.php\/wp-json\/wp\/v2\/types\/page"}],"author":[{"embeddable":true,"href":"https:\/\/archimede-esps.be\/index.php\/wp-json\/wp\/v2\/users\/1"}],"replies":[{"embeddable":true,"href":"https:\/\/archimede-esps.be\/index.php\/wp-json\/wp\/v2\/comments?post=35"}],"version-history":[{"count":20,"href":"https:\/\/archimede-esps.be\/index.php\/wp-json\/wp\/v2\/pages\/35\/revisions"}],"predecessor-version":[{"id":1551,"href":"https:\/\/archimede-esps.be\/index.php\/wp-json\/wp\/v2\/pages\/35\/revisions\/1551"}],"wp:attachment":[{"href":"https:\/\/archimede-esps.be\/index.php\/wp-json\/wp\/v2\/media?parent=35"}],"curies":[{"name":"wp","href":"https:\/\/api.w.org\/{rel}","templated":true}]}}